{"id":406,"date":"2018-08-14T18:58:53","date_gmt":"2018-08-14T18:58:53","guid":{"rendered":"http:\/\/quimerarosa.net\/transplant\/?page_id=406"},"modified":"2025-08-31T02:54:17","modified_gmt":"2025-08-31T02:54:17","slug":"press","status":"publish","type":"page","link":"https:\/\/quimerarosa.net\/transplant\/press\/","title":{"rendered":"Press"},"content":{"rendered":"<p>Ciencia Friccion, vida entre especies compa\u00f1eras. <a href=\"https:\/\/www.rtve.es\/play\/videos\/metropolis\/ciencia-friccion-vida-entre-especies-companeras\/6182567\/\">Reportaje rtv.2<\/a>. 2022. ES<\/p>\n<p>Trans_Plant &#8211;<a href=\"https:\/\/jeudepaume.org\/palm\/transplant-quimera-rosa-ewen-chardronnet-maya-minder-homophotosyntheticus\/\"> Jeu de Paume<\/a> \u00b7\u00b7\u00b7 PALM &#8211; le magazine. France. 2022. FR<\/p>\n<p>Exposici\u00f3n VIDA FUTURA. Interferencias, alteraciones y cambios. <a href=\"https:\/\/www.youtube.com\/watch?v=Qjrv7ab_8c8&amp;list=LL&amp;index=6&amp;ab_channel=LABoralCentrodeArteyCreaci%C3%B3nIndustrial\">Reportaje- 2021. ES<\/a><\/p>\n<p>Projet Homo Photosyntheticus : <a href=\"https:\/\/antrepeaux.net\/ressources\/projet-homo-photosyntheticus-entretien-avec-le-collectif-quimera-rosa\/?fbclid=IwAR1_QE4nuzc2yn8OTcxVWDod4lY20Q8_GbT6QXMWbKVCCObAQF-LnpcANzs\">Entretien avec le collectif Quimera Rosa<\/a><br \/>\nde Ewen Chardronnet et Maya Minder. 2021. ES FR EN<\/p>\n<p>Article: <a href=\"https:\/\/intellectdiscover.com\/content\/journals\/10.1386\/tear_00037_1\">Creating sex\/gender ecologies: Quimera Rosa\u2019s Trans*Plant<\/a> By Giulia Casalini. 2020 EN.<\/p>\n<p><a href=\"https:\/\/www.youtube.com\/watch?v=9k15UCIsUXc&amp;list=LL&amp;index=170&amp;ab_channel=KONTEJNERIbureauofcontemporaryartpraxis\">Quarantine &#8211; EMAP group exhibition at<\/a> Art workshop Lazareti, Dubrovnik. KONTEJNER. 2020. EN<\/p>\n<p><a href=\"https:\/\/www.youtube.com\/watch?v=xo2nUP_NxvI&amp;ab_channel=ArsElectronica\">Ars Electronica.<\/a> Europa media art platform. 2019. EN<\/p>\n<p>Chaire art et science. <a href=\"https:\/\/vimeo.com\/299450555?turnstile=0.R18hoXK1cjJ_bdcS83EqEYhQ4HkbHBFhDtiDUsIfxtrwRrXl2aMZKiV0ue-QxslXhYgwQlHrZLoIDL9wDKZn7-QTKcx0vKm8BNOaQ4KQ4U6OXqgd9sr_cR3EbVKL5t5ECHhYedYY1TnG7w07nvGr_1z9PRwnxTe_Rf5H77DFg-zzlkfY8uYdMIPrRwroYiwaA07xhnJJt6tkM_ns6rzT5StilDjf5x4bZrjN_3Nf-VsHdOGd4IB1LvAlrtl5a0mgIWFOtgTGPdUMj3PWY9MkNn8LTHhxnmMZtmomNy3N9tHLH2qVHmbjEFDjSirrXdMgpNKuAWhmKbOwUXtnzJsHU4KIYl12DpWXK0dknY5veFNtufsY2yEH1lEkmTODKATo4CBzASVOZTubWfvGgLA6n8mvzV_2cNksEQHJtjPIst-PPCSK6WzQfknFr5VyNnLXNJTFNXI3Fo6Z0kJSzzY49WpH76sPEEu26EDfwAgLBrIFeCEiHr7_8fjT1V2yVf1SK6bBq_ynfe4mqKlIlZbZInvemHJ3IPYRVubwfZ8po6xPrdokuPqPry7aye0jfSqQsN3Bfja-xugtmEmXnRsScWxFR0-YSheRN_XTh8ZSOOkQHX4oImgX6vYvCagfGsOTxD5Qj-Uf5TtpWJGYS5REl0Sx3WJNeKP6B4YRsPHM-RXnGvdDYi_QI9a4q2FYq4Uizvx3welnmPEvYq0t7zRgHgT79VtOaHbBo_2QKYGaUWwLk_wo6a1GGCcxqxK8ZBlfiEwI8X_WYmukGuThidH3bK2v_SWwoSnfO6yW33UGuG7vUd7o2QhCb49k4UouQYYbFurV8MzOY4rs8R747iMbezdEIwhuzNHN4GSv0eQhpqi4fHEf1OrMHiZMeNbP4b_Wy9ubOsfSfEy39-aAlPJQMo1YIL0xYaleUs4jDrMLN90OzzG4ZpP6ppQatxztVfh3.sV1LkpORjE7saACeudV5xQ.73a4caecc05cd94dc1785b0ffebabfda8da0e2d6f00a9b4c037e04e679c1fcd0\">Ponencia performantive<\/a>. Simposio Becoming Plant, Paris. 2018. ES FR<\/p>\n<p>Reportage &#8211; Hors-s\u00e9rie #2 de Lib\u00e9ration &#8220;Le IA a cour de l\u00b4human&#8221; by Christelle Granja.<br \/>\n2018 FR<\/p>\n<p><a href=\"https:\/\/books.google.es\/books?id=8d1fDwAAQBAJ&amp;pg=PA112&amp;lpg=PA112&amp;dq=quimera+rosa&amp;source=bl&amp;ots=c9kLzVwwEZ&amp;sig=xPsPFKONPkP6FWAaN-dsNDk30hA&amp;hl=es&amp;sa=X&amp;ved=0ahUKEwjSm83XzZXcAhWIIMAKHc_zAvY4MhDoAQhhMAk#v=onepage&amp;q=quimera%20rosa&amp;f=false\">Book &#8211; Cosmopolitics and Biopolitics. Ethics and Aesthetics in Contemporary Art<\/a><br \/>\nArt\u00edculo por Christian Alonso.<br \/>\n2018 EN<\/p>\n<p><a href=\"https:\/\/www.academia.edu\/36868415\/Postnaturaleza_cat%C3%A1logo_de_exposici%C3%B3n_?auto_accept_coauthor=true\">Cat\u00e1logo &#8211; Exposici\u00f3n POST Naturaleza.\u00a0&#8220;Trans*Plant: Conectando con micorriza intranet&#8221;<\/a> Postnaturaleza es una producci\u00f3n de la Fundaci\u00f3n Zaragoza Ciudad del Conocimiento, coordinada para Etopia Centro de Arte y Tecnolog\u00eda, dentro de la Red Europea de Arte Digital y Ciencia, y con el apoyo de Europa Creativa. 2018 ES<\/p>\n<p><a href=\"http:\/\/dhi.ucdavis.edu\/featured-stories\/diy-in-the-lab-with-quimera-rosa\">Art\u00edculo &#8211; UC Davis\u00a0 <\/a>Humanities Institute, &#8220;DIY in the lab with Quimera Rosa&#8221;.<br \/>\n2018\u00a0 <a href=\"http:\/\/dhi.ucdavis.edu\/featured-stories\/diy-in-the-lab-with-quimera-rosa\">EN<\/a><\/p>\n<p><a href=\"https:\/\/youtu.be\/QODFSgzCr08\">Video Interview &#8211;<\/a><a href=\"https:\/\/www.youtube.com\/watch?v=QODFSgzCr08&amp;feature=youtu.be\"> &#8220;What is Feminist Research?&#8221;<\/a> Interview Series hosted by the Feminist Research Institute at UC Davis<br \/>\n2018 EN \/ ES<\/p>\n<p><a href=\"http:\/\/www.fundacionzcc.org\/es\/videos\/entrevista-quimera-rosa-residencia-artistica-bioestetica-2379.html\">Video Entrevista &#8211;<\/a> <a href=\"http:\/\/www.fundacionzcc.org\/es\/videos\/entrevista-quimera-rosa-residencia-artistica-bioestetica-2379.html\">Residencia art\u00edstica BIOESTETICA<\/a><br \/>\nQuimera Rosa cuenta el proceso de su proyecto &#8220;Trans*Plant: Conectando con micorriza intranet&#8221; enmarcado en la convocatoria de residencias art\u00edsticas BIOESTETICA y realizado en Etopia. El proyecto ha formado parte de la exposici\u00f3n POSTNATURALEZA.<br \/>\n2017 ES<\/p>\n<p><a href=\"http:\/\/barcelones.com\/talento\/transplant-el-transito-de-lo-humano-a-lo-hibrido\/2017\/05\/\">Articulo &#8211; Barcelon\u00e9s<\/a>\u00a0 &#8220;Transplant: el tr\u00e1nsito de lo humano a lo h\u00edbrido&#8221; por Toni Chaquet.<br \/>\n2017 ES<\/p>\n<p><a href=\"https:\/\/videos.telesurtv.net\/video\/647298\/transplant-iniciativa-artistica-que-mezcla-filosofia-y-biologia\/\">Video Entrevista &#8211; <\/a><a href=\"https:\/\/videos.telesurtv.net\/video\/647298\/transplant-iniciativa-artistica-que-mezcla-filosofia-y-biologia\/\">Telesur<\/a>, por Hibai Harbide.<br \/>\n2017 ES<\/p>\n<p><a href=\"https:\/\/www.vice.com\/es_latam\/article\/4xjkvg\/identidades-mutantes-me-llamo-kina-estoy-transitando-de-humano-planta\">Articulo &#8211; Vice<\/a> &#8220;Identidades Mutantes&#8221; por Bea Garcia.<br \/>\n2017 ES<\/p>\n<p><a href=\"http:\/\/www.makery.info\/en\/2016\/11\/21\/la-chlorophylle-dans-la-peau-et-le-sang\/\">Articulo &#8211; <\/a>&#8220;Chlorophyll under the skin\u2026 and in the blood&#8221; by Ewen Chardoney.\u00a0 2016\u00a0\u00a0 <a href=\"https:\/\/paroledequeer.blogspot.com\/2017\/03\/quimera-rosa_6.html\">Espa\u00f1ol<\/a> \/<a href=\"https:\/\/cochabambahotel.noblogs.org\/post\/tag\/quimera-rosa\/\"> Portugues \/<\/a> <a href=\"http:\/\/www.makery.info\/en\/2016\/11\/21\/la-chlorophylle-dans-la-peau-et-le-sang\/\">English<\/a> \/ <a href=\"http:\/\/www.makery.info\/2016\/11\/21\/la-chlorophylle-dans-la-peau-et-le-sang\/\">Fran\u00e7aise<\/a><\/p>\n<p><a href=\"https:\/\/www.youtube.com\/watch?v=U_hToxM4kF8&amp;list=LL&amp;index=2&amp;ab_channel=AntrePeaux%28Emmetrop%26Bandits-Mages%29\">Exposition ENTROPIA &#8211; Transpalette Centre d&#8217;Art Contemporain (Bourges 2016)<\/a><\/p>\n<p><a href=\"http:\/\/next.liberation.fr\/arts\/2016\/10\/23\/le-transpalette-jeux-de-mues_1523805\">Articulo &#8211; Lib\u00e9ration<\/a>, &#8220;Le Transpalette, jeux de mues&#8221; by Cl\u00e9mentine Mercier.<br \/>\n2016 FR<\/p>\n<p><a href=\"http:\/\/www.lesinrocks.com\/2016\/10\/15\/arts\/a-bourges-lart-contemporain-vibre-transpalette-11871379\/\">Articulo &#8211; Les Inrocks<\/a>, &#8220;A Bourges, l\u00b4art cintemporain vibre au Transpalette&#8221;.<br \/>\n2016 FR<\/p>\n","protected":false},"excerpt":{"rendered":"<p>Ciencia Friccion, vida entre especies compa\u00f1eras. Reportaje rtv.2. 2022. ES Trans_Plant &#8211; Jeu de Paume \u00b7\u00b7\u00b7&hellip;<\/p>\n","protected":false},"author":1,"featured_media":0,"parent":0,"menu_order":0,"comment_status":"closed","ping_status":"closed","template":"","meta":[],"_links":{"self":[{"href":"https:\/\/quimerarosa.net\/transplant\/wp-json\/wp\/v2\/pages\/406"}],"collection":[{"href":"https:\/\/quimerarosa.net\/transplant\/wp-json\/wp\/v2\/pages"}],"about":[{"href":"https:\/\/quimerarosa.net\/transplant\/wp-json\/wp\/v2\/types\/page"}],"author":[{"embeddable":true,"href":"https:\/\/quimerarosa.net\/transplant\/wp-json\/wp\/v2\/users\/1"}],"replies":[{"embeddable":true,"href":"https:\/\/quimerarosa.net\/transplant\/wp-json\/wp\/v2\/comments?post=406"}],"version-history":[{"count":9,"href":"https:\/\/quimerarosa.net\/transplant\/wp-json\/wp\/v2\/pages\/406\/revisions"}],"predecessor-version":[{"id":654,"href":"https:\/\/quimerarosa.net\/transplant\/wp-json\/wp\/v2\/pages\/406\/revisions\/654"}],"wp:attachment":[{"href":"https:\/\/quimerarosa.net\/transplant\/wp-json\/wp\/v2\/media?parent=406"}],"curies":[{"name":"wp","href":"https:\/\/api.w.org\/{rel}","templated":true}]}}